{"id":1050,"date":"2025-03-18T17:43:34","date_gmt":"2025-03-18T17:43:34","guid":{"rendered":"https:\/\/excel-erasmus.eu\/?page_id=1050"},"modified":"2025-10-31T10:46:52","modified_gmt":"2025-10-31T10:46:52","slug":"guidance-set","status":"publish","type":"page","link":"https:\/\/excel-erasmus.eu\/de\/leitfaden\/","title":{"rendered":"Leitfaden"},"content":{"rendered":"\t\t<div data-elementor-type=\"wp-page\" data-elementor-id=\"1050\" class=\"elementor elementor-1050\" data-elementor-post-type=\"page\">\n\t\t\t\t<div class=\"elementor-element elementor-element-c03d417 e-flex e-con-boxed e-con e-parent\" data-id=\"c03d417\" data-element_type=\"container\">\n\t\t\t\t\t<div class=\"e-con-inner\">\n\t\t\t\t<div class=\"elementor-element elementor-element-c164291 elementor-widget elementor-widget-text-editor\" data-id=\"c164291\" data-element_type=\"widget\" data-widget_type=\"text-editor.default\">\n\t\t\t\t\t\t\t\t\t<p>Dieser Leitfaden enth\u00e4lt n\u00fctzliche Ressourcen zur Unterst\u00fctzung von Weiterbildungsanbietern bei der geschlechtergerechten und nachhaltigkeitsorientierten unternehmerischen Weiterbildung, die speziell auf die Module des EXCEL TRANSFORMATIONS Trainingsprogramms ausgerichtet sind. Nachfolgend finden Sie die 5 thematischen Flipbooks:<\/p>\t\t\t\t\t\t\t\t<\/div>\n\t\t\t\t\t<\/div>\n\t\t\t\t<\/div>\n\t\t<div class=\"elementor-element elementor-element-6f8a6d5 e-flex e-con-boxed e-con e-parent\" data-id=\"6f8a6d5\" data-element_type=\"container\">\n\t\t\t\t\t<div class=\"e-con-inner\">\n\t\t\t\t<div class=\"elementor-element elementor-element-d3040ef elementor-widget elementor-widget-html\" data-id=\"d3040ef\" data-element_type=\"widget\" data-widget_type=\"html.default\">\n\t\t\t\t\t<!DOCTYPE html>\r\n<html lang=\"en\">\r\n<head>\r\n    <meta charset=\"UTF-8\">\r\n    <meta name=\"viewport\" content=\"width=device-width, initial-scale=1.0\">\r\n    <title>Digital Library - Financial Resources<\/title>\r\n    <link href=\"https:\/\/fonts.googleapis.com\/css2?family=Poppins:wght@400;500;600;700&display=swap\" rel=\"stylesheet\">\r\n    <link rel=\"stylesheet\" href=\"https:\/\/cdnjs.cloudflare.com\/ajax\/libs\/font-awesome\/6.0.0\/css\/all.min.css\">\r\n    <style>\r\n        :root {\r\n            --white: #ffffff;\r\n            --black: #000000;\r\n            --yellow: #ffde59;\r\n            --pink: #ff8bd2;\r\n            --blue: #5ce1e6;\r\n            --dark: #1f2937;\r\n            --light: #f3f4f6;\r\n        }\r\n\r\n        * {\r\n            margin: 0;\r\n            padding: 0;\r\n            box-sizing: border-box;\r\n            font-family: Verdana, sans-serif;\r\n        }\r\n\r\n        body {\r\n            min-height: 100vh;\r\n        }\r\n\r\n        .flipbooks-grid {\r\n            display: grid;\r\n            grid-template-columns: 1fr;\r\n            gap: 2rem;\r\n            margin: 0 auto;\r\n            max-width: 800px;\r\n        }\r\n\r\n        .search-bar {\r\n            background: var(--white);\r\n            padding: 1rem;\r\n            border-radius: 12px;\r\n            margin-bottom: 2rem;\r\n            box-shadow: 0 2px 4px rgba(0, 0, 0, 0.1);\r\n            display: flex;\r\n            gap: 1rem;\r\n            align-items: center;\r\n        }\r\n\r\n        .search-input {\r\n            flex: 1;\r\n            padding: 0.8rem;\r\n            border: 2px solid var(--blue);\r\n            border-radius: 8px;\r\n            font-size: 1rem;\r\n            outline: none;\r\n        }\r\n\r\n        .search-input:focus {\r\n            border-color: var(--yellow);\r\n        }\r\n\r\n        .categories {\r\n            display: flex;\r\n            gap: 1rem;\r\n            margin-bottom: 2rem;\r\n            flex-wrap: wrap;\r\n        }\r\n\r\n        .category-btn {\r\n            background: var(--white);\r\n            color: var(--black);\r\n            padding: 0.5rem 1rem;\r\n            border: 2px solid var(--blue);\r\n            border-radius: 20px;\r\n            cursor: pointer;\r\n            transition: all 0.3s ease;\r\n            font-size: 0.9rem;\r\n        }\r\n\r\n        .category-btn:hover, .category-btn.active {\r\n            background: var(--blue);\r\n            color: var(--white);\r\n        }\r\n\r\n        .download-count {\r\n            position: absolute;\r\n            top: 1rem;\r\n            right: 1rem;\r\n            background: var(--yellow);\r\n            color: var(--black);\r\n            padding: 0.3rem 0.8rem;\r\n            border-radius: 15px;\r\n            font-size: 0.8rem;\r\n            font-weight: 500;\r\n        }\r\n\r\n        .flipbook-card {\r\n            background: var(--white);\r\n            border-radius: 20px;\r\n            overflow: hidden;\r\n            transition: all 0.3s ease;\r\n            box-shadow: 0 4px 6px -1px rgba(0, 0, 0, 0.1);\r\n            position: relative;\r\n            border: 2px solid var(--yellow);\r\n            display: flex;\r\n            flex-direction: row;\r\n        }\r\n\r\n        .flipbook-card:hover {\r\n            transform: translateY(-5px);\r\n            box-shadow: 0 10px 15px -3px rgba(0, 0, 0, 0.1);\r\n            border-color: var(--pink);\r\n        }\r\n\r\n        .card-content {\r\n            padding: 2rem;\r\n            flex: 1;\r\n            display: flex;\r\n            flex-direction: column;\r\n            justify-content: space-between;\r\n            position: relative;\r\n        }\r\n\r\n        .card-content h3 {\r\n            color: var(--black);\r\n            font-size: 1.6rem;\r\n            margin-bottom: 1rem;\r\n            font-weight: 600;\r\n            display: flex;\r\n            align-items: center;\r\n            gap: 0.8rem;\r\n        }\r\n\r\n        .card-content h3 i {\r\n            color: var(--blue);\r\n            font-size: 1.8rem;\r\n        }\r\n\r\n        .card-content p {\r\n            color: var(--black);\r\n            font-size: 1.1rem;\r\n            line-height: 1.6;\r\n            margin-bottom: 1.5rem;\r\n            padding-right: 1rem;\r\n        }\r\n\r\n        .card-features {\r\n            display: flex;\r\n            gap: 1.5rem;\r\n            margin-bottom: 1.5rem;\r\n            flex-wrap: wrap;\r\n        }\r\n\r\n        .feature-item {\r\n            display: flex;\r\n            align-items: center;\r\n            gap: 0.5rem;\r\n            color: var(--black);\r\n            font-size: 0.9rem;\r\n        }\r\n\r\n        .feature-item i {\r\n            color: var(--pink);\r\n            font-size: 1.1rem;\r\n        }\r\n\r\n        .card-image {\r\n            width: 300px;\r\n            height: 100%;\r\n            object-fit: cover;\r\n            border-right: 3px solid var(--pink);\r\n            position: relative;\r\n            overflow: hidden;\r\n        }\r\n\r\n        .card-image::after {\r\n            content: '';\r\n            position: absolute;\r\n            top: 0;\r\n            left: 0;\r\n            right: 0;\r\n            bottom: 0;\r\n            background: linear-gradient(to right, rgba(0,0,0,0.1), transparent);\r\n            pointer-events: none;\r\n        }\r\n\r\n        .card-image:hover {\r\n            transform: scale(1.05);\r\n            transition: transform 0.3s ease;\r\n        }\r\n\r\n        .download-btn {\r\n            background: var(--blue);\r\n            color: var(--white);\r\n            padding: 0.8rem 1.5rem;\r\n            border: none;\r\n            border-radius: 12px;\r\n            cursor: pointer;\r\n            font-size: 0.95rem;\r\n            font-weight: 500;\r\n            transition: all 0.3s ease;\r\n            display: flex;\r\n            align-items: center;\r\n            justify-content: center;\r\n            gap: 0.8rem;\r\n            width: 100%;\r\n            position: relative;\r\n            overflow: hidden;\r\n        }\r\n\r\n        .download-btn::before {\r\n            content: '';\r\n            position: absolute;\r\n            top: 0;\r\n            left: -100%;\r\n            width: 100%;\r\n            height: 100%;\r\n            background: linear-gradient(90deg, transparent, rgba(255,255,255,0.2), transparent);\r\n            transition: 0.5s;\r\n        }\r\n\r\n        .download-btn:hover::before {\r\n            left: 100%;\r\n        }\r\n\r\n        .download-btn:hover {\r\n            background: var(--yellow);\r\n            transform: translateY(-2px);\r\n        }\r\n\r\n        .download-btn i {\r\n            font-size: 1.1rem;\r\n        }\r\n\r\n        @media (max-width: 768px) {\r\n            .flipbook-card {\r\n                flex-direction: column;\r\n            }\r\n\r\n            .card-image {\r\n                width: 100%;\r\n                height: 200px;\r\n                border-right: none;\r\n                border-bottom: 3px solid var(--pink);\r\n            }\r\n\r\n            .card-content {\r\n                padding: 1.5rem;\r\n            }\r\n        }\r\n    <\/style>\r\n<\/head>\r\n<body>\r\n        <div class=\"flipbooks-grid\">\r\n            <div class=\"flipbook-card\">\r\n                <img decoding=\"async\" src=\"https:\/\/excel-erasmus.eu\/wp-content\/uploads\/2025\/04\/Icon-Budgeting-and-financial-planning.jpeg\" alt=\"Financial Education Fundamentals\" class=\"card-image\">\r\n                <div class=\"card-content\">\r\n                    <h3><i class=\"fas fa-book\"><\/i> Budgetierung und Finanzplanung<\/h3>\r\n                    <p>Lernen Sie, wie Sie geschlechtsspezifische \u00dcberlegungen in den Budgetierungsprozess einbeziehen k\u00f6nnen, z. B. das Erkennen m\u00f6glicher geschlechtsspezifischer Ungleichheiten bei der Einkommenserzielung, dem Zugang zu finanziellen Ressourcen oder der Ressourcenverteilung innerhalb des Unternehmens.<\/p>\r\n                    <div class=\"card-features\">\r\n                    <\/div>\r\n                    <button class=\"download-btn\" onclick=\"downloadFlipbook(1)\">\r\n                        <i class=\"fas fa-download\"><\/i> PDF herunterladen\r\n                    <\/button>\r\n                <\/div>\r\n            <\/div>\r\n\r\n            <div class=\"flipbook-card\">\r\n                <img decoding=\"async\" src=\"https:\/\/excel-erasmus.eu\/wp-content\/uploads\/2025\/04\/Icon-Understanding-financial-statements.jpeg\" alt=\"Investments for Beginners\" class=\"card-image\">\r\n                <div class=\"card-content\">\r\n                    <h3><i class=\"fas fa-chart-line\"><\/i> Verst\u00e4ndnis von Jahresabschl\u00fcssen<\/h3>\r\n                    <p>Erfahren Sie, wie Sie erkennen k\u00f6nnen, dass Frauen ein unterschiedliches Ma\u00df an Finanzwissen und Selbstvertrauen im Umgang mit ihren Finanzen haben k\u00f6nnen.<\/p>\r\n                    <div class=\"card-features\">\r\n                    <\/div>\r\n                    <button class=\"download-btn\" onclick=\"downloadFlipbook(2)\">\r\n                        <i class=\"fas fa-download\"><\/i> PDF herunterladen\r\n                    <\/button>\r\n                <\/div>\r\n            <\/div>\r\n\r\n            <div class=\"flipbook-card\">\r\n                <img decoding=\"async\" src=\"https:\/\/excel-erasmus.eu\/wp-content\/uploads\/2025\/04\/Icon-Investment-knowledge.jpeg\" alt=\"Debt Management\" class=\"card-image\">\r\n                <div class=\"card-content\">\r\n                    <h3><i class=\"fas fa-balance-scale\"><\/i> Investitionswissen<\/h3>\r\n                    <p>Erkundung integrativer Finanzierungsquellen und Investitionsm\u00f6glichkeiten, die der Gleichstellung der Geschlechter und der Nachhaltigkeit Priorit\u00e4t einr\u00e4umen und speziell auf Frauen ausgerichtet sind<\/p>\r\n                    <div class=\"card-features\">\r\n                    <\/div>\r\n                    <button class=\"download-btn\" onclick=\"downloadFlipbook(3)\">\r\n                        <i class=\"fas fa-download\"><\/i> PDF herunterladen\r\n                    <\/button>\r\n                <\/div>\r\n            <\/div>\r\n\r\n            <div class=\"flipbook-card\">\r\n                <img decoding=\"async\" src=\"https:\/\/excel-erasmus.eu\/wp-content\/uploads\/2025\/04\/Icon-Debt-and-risk-management.jpeg\" alt=\"Retirement Planning\" class=\"card-image\">\r\n                <div class=\"card-content\">\r\n                    <h3><i class=\"fas fa-piggy-bank\"><\/i> Schulden- und Risikomanagement<\/h3>\r\n                    <p>Konzentration auf die besonderen finanziellen Risiken und Herausforderungen von Frauen, wie z. B. geschlechtsspezifische Vorurteile bei der Kreditvergabe.<\/p>\r\n                    <div class=\"card-features\">\r\n                    <\/div>\r\n                    <button class=\"download-btn\" onclick=\"downloadFlipbook(4)\">\r\n                        <i class=\"fas fa-download\"><\/i> PDF herunterladen\r\n                    <\/button>\r\n                <\/div>\r\n            <\/div>\r\n\r\n            <div class=\"flipbook-card\">\r\n                <img decoding=\"async\" src=\"https:\/\/excel-erasmus.eu\/wp-content\/uploads\/2025\/04\/Icon-Sustainable-finance-for-strategic-financial-decisions.jpeg\" alt=\"Family Finance\" class=\"card-image\">\r\n                <div class=\"card-content\">\r\n                    <h3><i class=\"fas fa-home\"><\/i> Nachhaltige Finanzen f\u00fcr strategische Finanzentscheidungen<\/h3>\r\n                    <p>Verstehen Sie, wie man ESG-Faktoren in finanzielle Entscheidungsprozesse einbezieht und dabei die einzigartigen Perspektiven und unterschiedlichen Priorit\u00e4ten von frauengef\u00fchrten Unternehmen ber\u00fccksichtigt.<\/p>\r\n                    <div class=\"card-features\">\r\n                    <\/div>\r\n                    <button class=\"download-btn\" onclick=\"downloadFlipbook(5)\">\r\n                        <i class=\"fas fa-download\"><\/i> PDF herunterladen\r\n                    <\/button>\r\n                <\/div>\r\n            <\/div>\r\n        <\/div>\r\n    <\/div>\r\n\r\n    <script>\r\n        function downloadFlipbook(id) {\r\n            const flipbooks = {\r\n                1: '#',\r\n                2: '#',\r\n                3: '#',\r\n                4: '#',\r\n                5: '#'\r\n            };\r\n\r\n            window.open(flipbooks[id], '_blank');\r\n        }\r\n\r\n        \/\/ Adicionar funcionalidade aos bot\u00f5es de categoria\r\n        document.querySelectorAll('.category-btn').forEach(button => {\r\n            button.addEventListener('click', function() {\r\n                document.querySelectorAll('.category-btn').forEach(btn => btn.classList.remove('active'));\r\n                this.classList.add('active');\r\n            });\r\n        });\r\n    <\/script>\r\n<\/body>\r\n<\/html> \r\n\t\t\t\t<\/div>\n\t\t\t\t\t<\/div>\n\t\t\t\t<\/div>\n\t\t\t\t<\/div>\n\t\t","protected":false},"excerpt":{"rendered":"<p>This guidance set encompasses useful resources to support CVET providers with gender-inclusive and sustainability-oriented entrepreneurial training, specifically targeting the modules of the EXCEL TRANSFORM Training programme. Below you will find the 5 thematic flipbooks: Digital Library &#8211; Financial Resources Budgeting and financial planning Learn how to incorporate gender considerations in the budgeting process, such as [&hellip;]<\/p>\n","protected":false},"author":1,"featured_media":0,"parent":0,"menu_order":0,"comment_status":"closed","ping_status":"closed","template":"","meta":{"ocean_post_layout":"","ocean_both_sidebars_style":"","ocean_both_sidebars_content_width":0,"ocean_both_sidebars_sidebars_width":0,"ocean_sidebar":"","ocean_second_sidebar":"","ocean_disable_margins":"enable","ocean_add_body_class":"","ocean_shortcode_before_top_bar":"","ocean_shortcode_after_top_bar":"","ocean_shortcode_before_header":"","ocean_shortcode_after_header":"","ocean_has_shortcode":"","ocean_shortcode_after_title":"","ocean_shortcode_before_footer_widgets":"","ocean_shortcode_after_footer_widgets":"","ocean_shortcode_before_footer_bottom":"","ocean_shortcode_after_footer_bottom":"","ocean_display_top_bar":"default","ocean_display_header":"default","ocean_header_style":"","ocean_center_header_left_menu":"","ocean_custom_header_template":"","ocean_custom_logo":0,"ocean_custom_retina_logo":0,"ocean_custom_logo_max_width":0,"ocean_custom_logo_tablet_max_width":0,"ocean_custom_logo_mobile_max_width":0,"ocean_custom_logo_max_height":0,"ocean_custom_logo_tablet_max_height":0,"ocean_custom_logo_mobile_max_height":0,"ocean_header_custom_menu":"","ocean_menu_typo_font_family":"","ocean_menu_typo_font_subset":"","ocean_menu_typo_font_size":0,"ocean_menu_typo_font_size_tablet":0,"ocean_menu_typo_font_size_mobile":0,"ocean_menu_typo_font_size_unit":"px","ocean_menu_typo_font_weight":"","ocean_menu_typo_font_weight_tablet":"","ocean_menu_typo_font_weight_mobile":"","ocean_menu_typo_transform":"","ocean_menu_typo_transform_tablet":"","ocean_menu_typo_transform_mobile":"","ocean_menu_typo_line_height":0,"ocean_menu_typo_line_height_tablet":0,"ocean_menu_typo_line_height_mobile":0,"ocean_menu_typo_line_height_unit":"","ocean_menu_typo_spacing":0,"ocean_menu_typo_spacing_tablet":0,"ocean_menu_typo_spacing_mobile":0,"ocean_menu_typo_spacing_unit":"","ocean_menu_link_color":"","ocean_menu_link_color_hover":"","ocean_menu_link_color_active":"","ocean_menu_link_background":"","ocean_menu_link_hover_background":"","ocean_menu_link_active_background":"","ocean_menu_social_links_bg":"","ocean_menu_social_hover_links_bg":"","ocean_menu_social_links_color":"","ocean_menu_social_hover_links_color":"","ocean_disable_title":"default","ocean_disable_heading":"default","ocean_post_title":"","ocean_post_subheading":"","ocean_post_title_style":"","ocean_post_title_background_color":"","ocean_post_title_background":0,"ocean_post_title_bg_image_position":"","ocean_post_title_bg_image_attachment":"","ocean_post_title_bg_image_repeat":"","ocean_post_title_bg_image_size":"","ocean_post_title_height":0,"ocean_post_title_bg_overlay":0.5,"ocean_post_title_bg_overlay_color":"","ocean_disable_breadcrumbs":"default","ocean_breadcrumbs_color":"","ocean_breadcrumbs_separator_color":"","ocean_breadcrumbs_links_color":"","ocean_breadcrumbs_links_hover_color":"","ocean_display_footer_widgets":"default","ocean_display_footer_bottom":"default","ocean_custom_footer_template":"","footnotes":""},"class_list":["post-1050","page","type-page","status-publish","hentry","entry"],"jetpack_sharing_enabled":true,"_links":{"self":[{"href":"https:\/\/excel-erasmus.eu\/de\/wp-json\/wp\/v2\/pages\/1050","targetHints":{"allow":["GET"]}}],"collection":[{"href":"https:\/\/excel-erasmus.eu\/de\/wp-json\/wp\/v2\/pages"}],"about":[{"href":"https:\/\/excel-erasmus.eu\/de\/wp-json\/wp\/v2\/types\/page"}],"author":[{"embeddable":true,"href":"https:\/\/excel-erasmus.eu\/de\/wp-json\/wp\/v2\/users\/1"}],"replies":[{"embeddable":true,"href":"https:\/\/excel-erasmus.eu\/de\/wp-json\/wp\/v2\/comments?post=1050"}],"version-history":[{"count":121,"href":"https:\/\/excel-erasmus.eu\/de\/wp-json\/wp\/v2\/pages\/1050\/revisions"}],"predecessor-version":[{"id":4079,"href":"https:\/\/excel-erasmus.eu\/de\/wp-json\/wp\/v2\/pages\/1050\/revisions\/4079"}],"wp:attachment":[{"href":"https:\/\/excel-erasmus.eu\/de\/wp-json\/wp\/v2\/media?parent=1050"}],"curies":[{"name":"wp","href":"https:\/\/api.w.org\/{rel}","templated":true}]}}