{"id":294,"date":"2016-11-03T16:50:09","date_gmt":"2016-11-03T16:50:09","guid":{"rendered":"http:\/\/lawyer2.mythemecloud.io\/?page_id=294"},"modified":"2025-12-02T16:19:20","modified_gmt":"2025-12-02T16:19:20","slug":"practice-areas","status":"publish","type":"page","link":"https:\/\/excel-erasmus.eu\/pl\/program-szkoleniowy\/","title":{"rendered":"Program szkoleniowy"},"content":{"rendered":"\t\t<div data-elementor-type=\"wp-post\" data-elementor-id=\"294\" class=\"elementor elementor-294\" data-elementor-post-type=\"page\">\n\t\t\t\t<div class=\"elementor-element elementor-element-d8bad57 e-flex e-con-boxed e-con e-parent\" data-id=\"d8bad57\" data-element_type=\"container\">\n\t\t\t\t\t<div class=\"e-con-inner\">\n\t\t\t\t<div class=\"elementor-element elementor-element-c71165d elementor-widget elementor-widget-text-editor\" data-id=\"c71165d\" data-element_type=\"widget\" data-widget_type=\"text-editor.default\">\n\t\t\t\t\t\t\t\t\t<p>Ten program szkoleniowy sk\u0142ada si\u0119 z zestawu 5 modu\u0142\u00f3w i zosta\u0142 zaprojektowany tak, aby zapozna\u0107 Ci\u0119 z tematami, zagadnieniami i \u0107wiczeniami, kt\u00f3re pomog\u0105 Ci zdoby\u0107 lub udoskonali\u0107 zaawansowane umiej\u0119tno\u015bci finansowe w zakresie podejmowania strategicznych decyzji biznesowych. Jest to kurs modu\u0142owy, co oznacza, \u017ce mo\u017cesz kontynuowa\u0107 nauk\u0119 w zakresie, w jakim potrzebujesz szkolenia. Zacznij wi\u0119c od wyboru jednego z poni\u017cszych modu\u0142\u00f3w:<\/p>\t\t\t\t\t\t\t\t<\/div>\n\t\t\t\t\t<\/div>\n\t\t\t\t<\/div>\n\t\t<div class=\"elementor-element elementor-element-2f1c7c7 e-flex e-con-boxed e-con e-parent\" data-id=\"2f1c7c7\" data-element_type=\"container\">\n\t\t\t\t\t<div class=\"e-con-inner\">\n\t\t\t\t<div class=\"elementor-element elementor-element-17ce32c elementor-widget elementor-widget-html\" data-id=\"17ce32c\" data-element_type=\"widget\" data-widget_type=\"html.default\">\n\t\t\t\t\t<style>\n    .training-item {\n        background: white;\n        border-radius: 10px;\n        margin-bottom: 30px;\n        overflow: hidden;\n        box-shadow: 0 2px 10px rgba(0,0,0,0.1);\n        transition: transform 0.3s ease;\n        display: flex;\n        align-items: center;\n        padding: 20px;\n    }\n    .training-item:hover {\n        transform: translateY(-5px);\n        box-shadow: 0 5px 15px rgba(0,0,0,0.2);\n    }\n    .training-image {\n        width: 200px;\n        height: auto;\n        border-radius: 8px;\n        margin-left: 20px;\n        flex-shrink: 0;\n    }\n    .training-content {\n        flex-grow: 1;\n    }\n    .training-title {\n        font-size: 2rem;\n        margin-bottom: 10px;\n        color: #333;\n    }\n    .training-description {\n        color: #666;\n        font-size: 1.5rem;\n        line-height: 1.5;\n    }\n    a {\n        text-decoration: none;\n        color: inherit;\n    }\n    .list-container {\n        max-width: 900px;\n        margin: 0 auto;\n        padding: 20px;\n    }\n    .training-header {\n        text-align: center;\n        margin-bottom: 40px;\n        color: #333;\n    }\n    .training-header h1 {\n        font-size: 2.5rem;\n        margin-bottom: 10px;\n    }\n    @media (max-width: 768px) {\n        .training-item {\n            flex-direction: column;\n        }\n        .training-image {\n            width: 100%;\n            margin: 20px 0 0 0;\n        }\n    }\n<\/style>\n\n<div class=\"list-container\">\n    <a href=\"https:\/\/excel-erasmus.eu\/pl\/budzetowanie-i-planowanie-finansowe\/\">\n        <div class=\"training-item\">\n            <div class=\"training-content\">\n                <h3 class=\"training-title\">Bud\u017cetowanie i planowanie finansowe<\/h3>\n                <p class=\"training-description\">Dowiedz si\u0119, jak tworzy\u0107 i zarz\u0105dza\u0107 efektywnymi bud\u017cetami, korzystaj\u0105c z narz\u0119dzi cyfrowych, aby zapewni\u0107 Twojej firmie stabilno\u015b\u0107 finansow\u0105 i elastyczno\u015b\u0107<\/p>\n            <\/div>\n            <img decoding=\"async\" src=\"https:\/\/excel-erasmus.eu\/wp-content\/uploads\/2025\/04\/1-1.png\" class=\"training-image\" alt=\"Budgeting and financial planning\">\n        <\/div>\n    <\/a>\n\n    <a href=\"https:\/\/excel-erasmus.eu\/pl\/zrozumienie-sprawozdan-finansowych\/\">\n        <div class=\"training-item\">\n            <div class=\"training-content\">\n                <h3 class=\"training-title\">Zrozumienie sprawozda\u0144 finansowych<\/h3>\n                <p class=\"training-description\">Dowiedz si\u0119, jak czyta\u0107 i analizowa\u0107 kluczowe dokumenty finansowe, aby podejmowa\u0107 m\u0105drzejsze decyzje biznesowe i monitorowa\u0107 kondycj\u0119 finansow\u0105 swojej firmy<\/p>\n            <\/div>\n            <img decoding=\"async\" src=\"https:\/\/excel-erasmus.eu\/wp-content\/uploads\/2025\/04\/2.png\" class=\"training-image\" alt=\"Understanding financial statements\">\n        <\/div>\n    <\/a>\n\n    <a href=\"https:\/\/excel-erasmus.eu\/pl\/wiedza-inwestycyjna\/\">\n        <div class=\"training-item\">\n            <div class=\"training-content\">\n                <h3 class=\"training-title\">Wiedza inwestycyjna<\/h3>\n                <p class=\"training-description\">Poznaj r\u00f3\u017cne rodzaje opcji inwestycyjnych i dowiedz si\u0119, jak je ocenia\u0107, aby wspiera\u0107 rozw\u00f3j i zr\u00f3wnowa\u017cony rozw\u00f3j Twojej firmy.<\/p>\n            <\/div>\n            <img decoding=\"async\" src=\"https:\/\/excel-erasmus.eu\/wp-content\/uploads\/2025\/04\/3.png\" class=\"training-image\" alt=\"Investment knowledge\">\n        <\/div>\n    <\/a>\n\n    <a href=\"https:\/\/excel-erasmus.eu\/pl\/zarzadzanie-dlugiem-i-ryzykiem\/\">\n        <div class=\"training-item\">\n            <div class=\"training-content\">\n                <h3 class=\"training-title\">Zarz\u0105dzanie d\u0142ugiem i ryzykiem<\/h3>\n                <p class=\"training-description\">Zdob\u0105d\u017a umiej\u0119tno\u015bci identyfikowania ryzyk finansowych i odpowiedzialnego zarz\u0105dzania d\u0142ugiem firmy, aby zbudowa\u0107 d\u0142ugoterminow\u0105 odporno\u015b\u0107.<\/p>\n            <\/div>\n            <img decoding=\"async\" src=\"https:\/\/excel-erasmus.eu\/wp-content\/uploads\/2025\/04\/4.png\" class=\"training-image\" alt=\"Debt and risk management\">\n        <\/div>\n    <\/a>\n\n    <a href=\"https:\/\/excel-erasmus.eu\/pl\/zrownowazone-finanse-dla-strategicznych-decyzji-finansowych\/\">\n        <div class=\"training-item\">\n            <div class=\"training-content\">\n                <h3 class=\"training-title\">Zr\u00f3wnowa\u017cone finanse dla strategicznych decyzji finansowych<\/h3>\n                <p class=\"training-description\">Dowiedz si\u0119, jak dostosowa\u0107 strategi\u0119 biznesow\u0105 do zr\u00f3wnowa\u017conych finans\u00f3w i cel\u00f3w ESG, aby zapewni\u0107 efektywny i odpowiedzialny wzrost<\/p>\n            <\/div>\n            <img decoding=\"async\" src=\"https:\/\/excel-erasmus.eu\/wp-content\/uploads\/2025\/04\/5.png\" class=\"training-image\" alt=\"Sustainable finance\">\n        <\/div>\n    <\/a>\n<\/div>\t\t\t\t<\/div>\n\t\t\t\t\t<\/div>\n\t\t\t\t<\/div>\n\t\t\t\t<\/div>\n\t\t","protected":false},"excerpt":{"rendered":"<p>This training programme encompasses a set of 5 modules and it is designed to engage you in the topics, issues and activities that can help you acquire or improve your advanced financial skills for taking strategic business decisions. It is a modular course, which means that you can pick up where you feel you need [&hellip;]<\/p>\n","protected":false},"author":1,"featured_media":0,"parent":0,"menu_order":0,"comment_status":"closed","ping_status":"closed","template":"","meta":{"ocean_post_layout":"full-screen","ocean_both_sidebars_style":"","ocean_both_sidebars_content_width":0,"ocean_both_sidebars_sidebars_width":0,"ocean_sidebar":"0","ocean_second_sidebar":"0","ocean_disable_margins":"enable","ocean_add_body_class":"","ocean_shortcode_before_top_bar":"","ocean_shortcode_after_top_bar":"","ocean_shortcode_before_header":"","ocean_shortcode_after_header":"","ocean_has_shortcode":"","ocean_shortcode_after_title":"","ocean_shortcode_before_footer_widgets":"","ocean_shortcode_after_footer_widgets":"","ocean_shortcode_before_footer_bottom":"","ocean_shortcode_after_footer_bottom":"","ocean_display_top_bar":"default","ocean_display_header":"default","ocean_header_style":"","ocean_center_header_left_menu":"0","ocean_custom_header_template":"0","ocean_custom_logo":0,"ocean_custom_retina_logo":0,"ocean_custom_logo_max_width":0,"ocean_custom_logo_tablet_max_width":0,"ocean_custom_logo_mobile_max_width":0,"ocean_custom_logo_max_height":0,"ocean_custom_logo_tablet_max_height":0,"ocean_custom_logo_mobile_max_height":0,"ocean_header_custom_menu":"0","ocean_menu_typo_font_family":"0","ocean_menu_typo_font_subset":"","ocean_menu_typo_font_size":0,"ocean_menu_typo_font_size_tablet":0,"ocean_menu_typo_font_size_mobile":0,"ocean_menu_typo_font_size_unit":"px","ocean_menu_typo_font_weight":"","ocean_menu_typo_font_weight_tablet":"","ocean_menu_typo_font_weight_mobile":"","ocean_menu_typo_transform":"","ocean_menu_typo_transform_tablet":"","ocean_menu_typo_transform_mobile":"","ocean_menu_typo_line_height":0,"ocean_menu_typo_line_height_tablet":0,"ocean_menu_typo_line_height_mobile":0,"ocean_menu_typo_line_height_unit":"","ocean_menu_typo_spacing":0,"ocean_menu_typo_spacing_tablet":0,"ocean_menu_typo_spacing_mobile":0,"ocean_menu_typo_spacing_unit":"","ocean_menu_link_color":"","ocean_menu_link_color_hover":"","ocean_menu_link_color_active":"","ocean_menu_link_background":"","ocean_menu_link_hover_background":"","ocean_menu_link_active_background":"","ocean_menu_social_links_bg":"","ocean_menu_social_hover_links_bg":"","ocean_menu_social_links_color":"","ocean_menu_social_hover_links_color":"","ocean_disable_title":"default","ocean_disable_heading":"default","ocean_post_title":"","ocean_post_subheading":"","ocean_post_title_style":"","ocean_post_title_background_color":"","ocean_post_title_background":0,"ocean_post_title_bg_image_position":"","ocean_post_title_bg_image_attachment":"","ocean_post_title_bg_image_repeat":"","ocean_post_title_bg_image_size":"","ocean_post_title_height":0,"ocean_post_title_bg_overlay":0.5,"ocean_post_title_bg_overlay_color":"","ocean_disable_breadcrumbs":"default","ocean_breadcrumbs_color":"","ocean_breadcrumbs_separator_color":"","ocean_breadcrumbs_links_color":"","ocean_breadcrumbs_links_hover_color":"","ocean_display_footer_widgets":"default","ocean_display_footer_bottom":"default","ocean_custom_footer_template":"0","footnotes":""},"class_list":["post-294","page","type-page","status-publish","hentry","entry"],"jetpack_sharing_enabled":true,"_links":{"self":[{"href":"https:\/\/excel-erasmus.eu\/pl\/wp-json\/wp\/v2\/pages\/294","targetHints":{"allow":["GET"]}}],"collection":[{"href":"https:\/\/excel-erasmus.eu\/pl\/wp-json\/wp\/v2\/pages"}],"about":[{"href":"https:\/\/excel-erasmus.eu\/pl\/wp-json\/wp\/v2\/types\/page"}],"author":[{"embeddable":true,"href":"https:\/\/excel-erasmus.eu\/pl\/wp-json\/wp\/v2\/users\/1"}],"replies":[{"embeddable":true,"href":"https:\/\/excel-erasmus.eu\/pl\/wp-json\/wp\/v2\/comments?post=294"}],"version-history":[{"count":102,"href":"https:\/\/excel-erasmus.eu\/pl\/wp-json\/wp\/v2\/pages\/294\/revisions"}],"predecessor-version":[{"id":4470,"href":"https:\/\/excel-erasmus.eu\/pl\/wp-json\/wp\/v2\/pages\/294\/revisions\/4470"}],"wp:attachment":[{"href":"https:\/\/excel-erasmus.eu\/pl\/wp-json\/wp\/v2\/media?parent=294"}],"curies":[{"name":"wp","href":"https:\/\/api.w.org\/{rel}","templated":true}]}}