{"id":294,"date":"2016-11-03T16:50:09","date_gmt":"2016-11-03T16:50:09","guid":{"rendered":"http:\/\/lawyer2.mythemecloud.io\/?page_id=294"},"modified":"2025-12-02T16:19:20","modified_gmt":"2025-12-02T16:19:20","slug":"practice-areas","status":"publish","type":"page","link":"https:\/\/excel-erasmus.eu\/pt\/programa-de-formacao\/","title":{"rendered":"Programa de forma\u00e7\u00e3o"},"content":{"rendered":"\t\t<div data-elementor-type=\"wp-post\" data-elementor-id=\"294\" class=\"elementor elementor-294\" data-elementor-post-type=\"page\">\n\t\t\t\t<div class=\"elementor-element elementor-element-d8bad57 e-flex e-con-boxed e-con e-parent\" data-id=\"d8bad57\" data-element_type=\"container\">\n\t\t\t\t\t<div class=\"e-con-inner\">\n\t\t\t\t<div class=\"elementor-element elementor-element-c71165d elementor-widget elementor-widget-text-editor\" data-id=\"c71165d\" data-element_type=\"widget\" data-widget_type=\"text-editor.default\">\n\t\t\t\t\t\t\t\t\t<p>Este programa de forma\u00e7\u00e3o engloba um conjunto de cinco m\u00f3dulos e \u00e9 concebido para o\/a envolver nos t\u00f3picos, quest\u00f5es e atividades que o\/a podem ajudar a adquirir ou melhorar as suas compet\u00eancias financeiras avan\u00e7adas para que tome melhores decis\u00f5es empresariais estrat\u00e9gicas. Trata-se de um curso modular, o que significa que pode come\u00e7ar onde achar que precisa de mais forma\u00e7\u00e3o. Assim, comece por selecionar um dos seguintes m\u00f3dulos:<\/p>\t\t\t\t\t\t\t\t<\/div>\n\t\t\t\t\t<\/div>\n\t\t\t\t<\/div>\n\t\t<div class=\"elementor-element elementor-element-2f1c7c7 e-flex e-con-boxed e-con e-parent\" data-id=\"2f1c7c7\" data-element_type=\"container\">\n\t\t\t\t\t<div class=\"e-con-inner\">\n\t\t\t\t<div class=\"elementor-element elementor-element-17ce32c elementor-widget elementor-widget-html\" data-id=\"17ce32c\" data-element_type=\"widget\" data-widget_type=\"html.default\">\n\t\t\t\t\t<style>\n    .training-item {\n        background: white;\n        border-radius: 10px;\n        margin-bottom: 30px;\n        overflow: hidden;\n        box-shadow: 0 2px 10px rgba(0,0,0,0.1);\n        transition: transform 0.3s ease;\n        display: flex;\n        align-items: center;\n        padding: 20px;\n    }\n    .training-item:hover {\n        transform: translateY(-5px);\n        box-shadow: 0 5px 15px rgba(0,0,0,0.2);\n    }\n    .training-image {\n        width: 200px;\n        height: auto;\n        border-radius: 8px;\n        margin-left: 20px;\n        flex-shrink: 0;\n    }\n    .training-content {\n        flex-grow: 1;\n    }\n    .training-title {\n        font-size: 2rem;\n        margin-bottom: 10px;\n        color: #333;\n    }\n    .training-description {\n        color: #666;\n        font-size: 1.5rem;\n        line-height: 1.5;\n    }\n    a {\n        text-decoration: none;\n        color: inherit;\n    }\n    .list-container {\n        max-width: 900px;\n        margin: 0 auto;\n        padding: 20px;\n    }\n    .training-header {\n        text-align: center;\n        margin-bottom: 40px;\n        color: #333;\n    }\n    .training-header h1 {\n        font-size: 2.5rem;\n        margin-bottom: 10px;\n    }\n    @media (max-width: 768px) {\n        .training-item {\n            flex-direction: column;\n        }\n        .training-image {\n            width: 100%;\n            margin: 20px 0 0 0;\n        }\n    }\n<\/style>\n\n<div class=\"list-container\">\n    <a href=\"https:\/\/excel-erasmus.eu\/pt\/orcamentacao-e-planeamento-financeiro\/\">\n        <div class=\"training-item\">\n            <div class=\"training-content\">\n                <h3 class=\"training-title\">Or\u00e7amenta\u00e7\u00e3o e planeamento financeiro<\/h3>\n                <p class=\"training-description\">Saiba como criar e gerir or\u00e7amentos de forma eficaz utilizando ferramentas digitais para garantir que o seu neg\u00f3cio se mant\u00e9m financeiramente sustent\u00e1vel e adapt\u00e1vel.<\/p>\n            <\/div>\n            <img decoding=\"async\" src=\"https:\/\/excel-erasmus.eu\/wp-content\/uploads\/2025\/04\/1-1.png\" class=\"training-image\" alt=\"Budgeting and financial planning\">\n        <\/div>\n    <\/a>\n\n    <a href=\"https:\/\/excel-erasmus.eu\/pt\/demonstracoes-financeiras\/\">\n        <div class=\"training-item\">\n            <div class=\"training-content\">\n                <h3 class=\"training-title\">Demonstra\u00e7\u00f5es financeiras<\/h3>\n                <p class=\"training-description\">Descubra como ler e analisar os principais documentos financeiros para tomar decis\u00f5es empresariais mais inteligentes e acompanhar a sa\u00fade financeira do seu neg\u00f3cio.<\/p>\n            <\/div>\n            <img decoding=\"async\" src=\"https:\/\/excel-erasmus.eu\/wp-content\/uploads\/2025\/04\/2.png\" class=\"training-image\" alt=\"Understanding financial statements\">\n        <\/div>\n    <\/a>\n\n    <a href=\"https:\/\/excel-erasmus.eu\/pt\/investment-knowledge\/\">\n        <div class=\"training-item\">\n            <div class=\"training-content\">\n                <h3 class=\"training-title\">No\u00e7\u00f5es de investimento<\/h3>\n                <p class=\"training-description\">Explore diferentes tipos de op\u00e7\u00f5es de investimento e aprenda a avali\u00e1-las para apoiar o crescimento e a sustentabilidade do seu neg\u00f3cio.<\/p>\n            <\/div>\n            <img decoding=\"async\" src=\"https:\/\/excel-erasmus.eu\/wp-content\/uploads\/2025\/04\/3.png\" class=\"training-image\" alt=\"Investment knowledge\">\n        <\/div>\n    <\/a>\n\n    <a href=\"https:\/\/excel-erasmus.eu\/pt\/gestao-da-divida-e-do-risco\/\">\n        <div class=\"training-item\">\n            <div class=\"training-content\">\n                <h3 class=\"training-title\">Gest\u00e3o da d\u00edvida e do risco<\/h3>\n                <p class=\"training-description\">Adquira as compet\u00eancias necess\u00e1rias para identificar os riscos financeiros e gerir a d\u00edvida do seu neg\u00f3cio de forma respons\u00e1vel para criar resili\u00eancia a longo prazo.<\/p>\n            <\/div>\n            <img decoding=\"async\" src=\"https:\/\/excel-erasmus.eu\/wp-content\/uploads\/2025\/04\/4.png\" class=\"training-image\" alt=\"Debt and risk management\">\n        <\/div>\n    <\/a>\n\n    <a href=\"https:\/\/excel-erasmus.eu\/pt\/financas-sustentaveis-para-decisoes-estrategicas\/\">\n        <div class=\"training-item\">\n            <div class=\"training-content\">\n                <h3 class=\"training-title\">Finan\u00e7as sustent\u00e1veis para decis\u00f5es estrat\u00e9gicas<\/h3>\n                <p class=\"training-description\">Compreenda como alinhar a sua estrat\u00e9gia empresarial com finan\u00e7as sustent\u00e1veis e os objetivos ESG para impulsionar um crescimento respons\u00e1vel e impactante.<\/p>\n            <\/div>\n            <img decoding=\"async\" src=\"https:\/\/excel-erasmus.eu\/wp-content\/uploads\/2025\/04\/5.png\" class=\"training-image\" alt=\"Sustainable finance\">\n        <\/div>\n    <\/a>\n<\/div>\t\t\t\t<\/div>\n\t\t\t\t\t<\/div>\n\t\t\t\t<\/div>\n\t\t\t\t<\/div>\n\t\t","protected":false},"excerpt":{"rendered":"<p>This training programme encompasses a set of 5 modules and it is designed to engage you in the topics, issues and activities that can help you acquire or improve your advanced financial skills for taking strategic business decisions. It is a modular course, which means that you can pick up where you feel you need [&hellip;]<\/p>\n","protected":false},"author":1,"featured_media":0,"parent":0,"menu_order":0,"comment_status":"closed","ping_status":"closed","template":"","meta":{"ocean_post_layout":"full-screen","ocean_both_sidebars_style":"","ocean_both_sidebars_content_width":0,"ocean_both_sidebars_sidebars_width":0,"ocean_sidebar":"0","ocean_second_sidebar":"0","ocean_disable_margins":"enable","ocean_add_body_class":"","ocean_shortcode_before_top_bar":"","ocean_shortcode_after_top_bar":"","ocean_shortcode_before_header":"","ocean_shortcode_after_header":"","ocean_has_shortcode":"","ocean_shortcode_after_title":"","ocean_shortcode_before_footer_widgets":"","ocean_shortcode_after_footer_widgets":"","ocean_shortcode_before_footer_bottom":"","ocean_shortcode_after_footer_bottom":"","ocean_display_top_bar":"default","ocean_display_header":"default","ocean_header_style":"","ocean_center_header_left_menu":"0","ocean_custom_header_template":"0","ocean_custom_logo":0,"ocean_custom_retina_logo":0,"ocean_custom_logo_max_width":0,"ocean_custom_logo_tablet_max_width":0,"ocean_custom_logo_mobile_max_width":0,"ocean_custom_logo_max_height":0,"ocean_custom_logo_tablet_max_height":0,"ocean_custom_logo_mobile_max_height":0,"ocean_header_custom_menu":"0","ocean_menu_typo_font_family":"0","ocean_menu_typo_font_subset":"","ocean_menu_typo_font_size":0,"ocean_menu_typo_font_size_tablet":0,"ocean_menu_typo_font_size_mobile":0,"ocean_menu_typo_font_size_unit":"px","ocean_menu_typo_font_weight":"","ocean_menu_typo_font_weight_tablet":"","ocean_menu_typo_font_weight_mobile":"","ocean_menu_typo_transform":"","ocean_menu_typo_transform_tablet":"","ocean_menu_typo_transform_mobile":"","ocean_menu_typo_line_height":0,"ocean_menu_typo_line_height_tablet":0,"ocean_menu_typo_line_height_mobile":0,"ocean_menu_typo_line_height_unit":"","ocean_menu_typo_spacing":0,"ocean_menu_typo_spacing_tablet":0,"ocean_menu_typo_spacing_mobile":0,"ocean_menu_typo_spacing_unit":"","ocean_menu_link_color":"","ocean_menu_link_color_hover":"","ocean_menu_link_color_active":"","ocean_menu_link_background":"","ocean_menu_link_hover_background":"","ocean_menu_link_active_background":"","ocean_menu_social_links_bg":"","ocean_menu_social_hover_links_bg":"","ocean_menu_social_links_color":"","ocean_menu_social_hover_links_color":"","ocean_disable_title":"default","ocean_disable_heading":"default","ocean_post_title":"","ocean_post_subheading":"","ocean_post_title_style":"","ocean_post_title_background_color":"","ocean_post_title_background":0,"ocean_post_title_bg_image_position":"","ocean_post_title_bg_image_attachment":"","ocean_post_title_bg_image_repeat":"","ocean_post_title_bg_image_size":"","ocean_post_title_height":0,"ocean_post_title_bg_overlay":0.5,"ocean_post_title_bg_overlay_color":"","ocean_disable_breadcrumbs":"default","ocean_breadcrumbs_color":"","ocean_breadcrumbs_separator_color":"","ocean_breadcrumbs_links_color":"","ocean_breadcrumbs_links_hover_color":"","ocean_display_footer_widgets":"default","ocean_display_footer_bottom":"default","ocean_custom_footer_template":"0","footnotes":""},"class_list":["post-294","page","type-page","status-publish","hentry","entry"],"jetpack_sharing_enabled":true,"_links":{"self":[{"href":"https:\/\/excel-erasmus.eu\/pt\/wp-json\/wp\/v2\/pages\/294","targetHints":{"allow":["GET"]}}],"collection":[{"href":"https:\/\/excel-erasmus.eu\/pt\/wp-json\/wp\/v2\/pages"}],"about":[{"href":"https:\/\/excel-erasmus.eu\/pt\/wp-json\/wp\/v2\/types\/page"}],"author":[{"embeddable":true,"href":"https:\/\/excel-erasmus.eu\/pt\/wp-json\/wp\/v2\/users\/1"}],"replies":[{"embeddable":true,"href":"https:\/\/excel-erasmus.eu\/pt\/wp-json\/wp\/v2\/comments?post=294"}],"version-history":[{"count":102,"href":"https:\/\/excel-erasmus.eu\/pt\/wp-json\/wp\/v2\/pages\/294\/revisions"}],"predecessor-version":[{"id":4470,"href":"https:\/\/excel-erasmus.eu\/pt\/wp-json\/wp\/v2\/pages\/294\/revisions\/4470"}],"wp:attachment":[{"href":"https:\/\/excel-erasmus.eu\/pt\/wp-json\/wp\/v2\/media?parent=294"}],"curies":[{"name":"wp","href":"https:\/\/api.w.org\/{rel}","templated":true}]}}